

{"id":8261,"date":"2022-11-18T12:10:00","date_gmt":"2022-11-18T11:10:00","guid":{"rendered":"https:\/\/kinderhulp-togo.nl\/?page_id=8261"},"modified":"2024-11-07T10:10:50","modified_gmt":"2024-11-07T09:10:50","slug":"onze-weeshuizen","status":"publish","type":"page","link":"https:\/\/kinderhulp-togo.nl\/fr\/onze-weeshuizen\/","title":{"rendered":"Onze weeshuizen"},"content":{"rendered":"<p>Na de covid-19 pandemie zijn wij naar Togo teruggekeerd. Wij hebben toen besloten om ons volledig te richten op weeskinderen en straatkinderen. Om te beginnen in (de omgeving van) de hoofdstad Lom\u00e9. De weeshuizen waar wij nu werken, zijn de volgende.<\/p>\n<h3>B\u00e9thanie<\/h3>\n<p>Dit weeshuis staat in de hoofdstad Lom\u00e9. Er wonen 34 kinderen. Het weeshuis krijgt steun vanuit Europa. Informatie over het weeshuis is <a href=\"https:\/\/maisonbethanie.org\/wp\/2021\/04\/22\/qui-sommes-nous\/\">hier te vinden.<\/a><\/p>\n<p><img fetchpriority=\"high\" decoding=\"async\" class=\"alignnone size-medium wp-image-7959\" src=\"https:\/\/kinderhulp-togo.nl\/cms\/wp-content\/uploads\/2021\/11\/P1040027-300x300.jpg\" alt=\"\" width=\"300\" height=\"300\" srcset=\"https:\/\/kinderhulp-togo.nl\/cms\/wp-content\/uploads\/2021\/11\/P1040027-300x300.jpg 300w, https:\/\/kinderhulp-togo.nl\/cms\/wp-content\/uploads\/2021\/11\/P1040027-1024x1024.jpg 1024w, https:\/\/kinderhulp-togo.nl\/cms\/wp-content\/uploads\/2021\/11\/P1040027-125x125.jpg 125w, https:\/\/kinderhulp-togo.nl\/cms\/wp-content\/uploads\/2021\/11\/P1040027-768x768.jpg 768w, https:\/\/kinderhulp-togo.nl\/cms\/wp-content\/uploads\/2021\/11\/P1040027-150x150.jpg 150w, https:\/\/kinderhulp-togo.nl\/cms\/wp-content\/uploads\/2021\/11\/P1040027-1536x1536.jpg 1536w, https:\/\/kinderhulp-togo.nl\/cms\/wp-content\/uploads\/2021\/11\/P1040027-12x12.jpg 12w, https:\/\/kinderhulp-togo.nl\/cms\/wp-content\/uploads\/2021\/11\/P1040027.jpg 1824w\" sizes=\"(max-width: 300px) 100vw, 300px\" \/><\/p>\n<p>&nbsp;<\/p>\n<h3>Le Vigneron<\/h3>\n<p>Dit weeshuis bevindt zich op ongeveer 45 minuten rijden van de hoofdstad. Er wonen 17 kinderen. Informatie over het weeshuis is <a href=\"https:\/\/www.ongjadah.org\/orphelinat-vigneron\/\">hier te vinden.<\/a><\/p>\n<p><img decoding=\"async\" class=\"alignnone size-medium wp-image-7971\" src=\"https:\/\/kinderhulp-togo.nl\/cms\/wp-content\/uploads\/2021\/11\/P1040038-300x300.jpg\" alt=\"\" width=\"300\" height=\"300\" srcset=\"https:\/\/kinderhulp-togo.nl\/cms\/wp-content\/uploads\/2021\/11\/P1040038-300x300.jpg 300w, https:\/\/kinderhulp-togo.nl\/cms\/wp-content\/uploads\/2021\/11\/P1040038-1024x1024.jpg 1024w, https:\/\/kinderhulp-togo.nl\/cms\/wp-content\/uploads\/2021\/11\/P1040038-125x125.jpg 125w, https:\/\/kinderhulp-togo.nl\/cms\/wp-content\/uploads\/2021\/11\/P1040038-768x768.jpg 768w, https:\/\/kinderhulp-togo.nl\/cms\/wp-content\/uploads\/2021\/11\/P1040038-150x150.jpg 150w, https:\/\/kinderhulp-togo.nl\/cms\/wp-content\/uploads\/2021\/11\/P1040038-1536x1536.jpg 1536w, https:\/\/kinderhulp-togo.nl\/cms\/wp-content\/uploads\/2021\/11\/P1040038-12x12.jpg 12w, https:\/\/kinderhulp-togo.nl\/cms\/wp-content\/uploads\/2021\/11\/P1040038.jpg 1824w\" sizes=\"(max-width: 300px) 100vw, 300px\" \/><\/p>\n<p>&nbsp;<\/p>\n<h3>Joko Kop\u00e9<\/h3>\n<p>Dit weeshuis bevindt zich op ongeveer 45 minuten rijden van de hoofdstad. Er wonen 33 kinderen. Het wordt geleid door de Belgische Sylvia Rovers. Zij krijgt steun vanuit een heel netwerk in Belgi\u00eb. Informatie over het weeshuis is <a href=\"https:\/\/www.facebook.com\/vzwJokoTogo\/\">hier te vinden<\/a>.<\/p>\n<p>&nbsp;<\/p>\n<p><img decoding=\"async\" class=\"alignnone size-medium wp-image-8268\" src=\"https:\/\/kinderhulp-togo.nl\/cms\/wp-content\/uploads\/2022\/11\/IMG_20211124_160548-300x225.jpg\" alt=\"\" width=\"300\" height=\"225\" srcset=\"https:\/\/kinderhulp-togo.nl\/cms\/wp-content\/uploads\/2022\/11\/IMG_20211124_160548-300x225.jpg 300w, https:\/\/kinderhulp-togo.nl\/cms\/wp-content\/uploads\/2022\/11\/IMG_20211124_160548-1024x768.jpg 1024w, https:\/\/kinderhulp-togo.nl\/cms\/wp-content\/uploads\/2022\/11\/IMG_20211124_160548-125x94.jpg 125w, https:\/\/kinderhulp-togo.nl\/cms\/wp-content\/uploads\/2022\/11\/IMG_20211124_160548-768x576.jpg 768w, https:\/\/kinderhulp-togo.nl\/cms\/wp-content\/uploads\/2022\/11\/IMG_20211124_160548-16x12.jpg 16w, https:\/\/kinderhulp-togo.nl\/cms\/wp-content\/uploads\/2022\/11\/IMG_20211124_160548.jpg 1292w\" sizes=\"(max-width: 300px) 100vw, 300px\" \/><\/p>\n<p>&nbsp;<\/p>\n<h3>Canaan Village<\/h3>\n<p>Dit weeshuis staat in de stad Lom\u00e9 vlakbij de grens met Ghana. Er wonen 23 kinderen. Het weeshuis krijgt steun vanuit Amerika. Informatie over het weeshuis is <a href=\"http:\/\/www.canaanvillage.org\/\">hier te vinden<\/a>.<\/p>\n<p><img loading=\"lazy\" decoding=\"async\" class=\"alignnone size-medium wp-image-8265\" src=\"https:\/\/kinderhulp-togo.nl\/cms\/wp-content\/uploads\/2022\/11\/IMG_20220511_152441-300x225.jpg\" alt=\"\" width=\"300\" height=\"225\" srcset=\"https:\/\/kinderhulp-togo.nl\/cms\/wp-content\/uploads\/2022\/11\/IMG_20220511_152441-300x225.jpg 300w, https:\/\/kinderhulp-togo.nl\/cms\/wp-content\/uploads\/2022\/11\/IMG_20220511_152441-1024x768.jpg 1024w, https:\/\/kinderhulp-togo.nl\/cms\/wp-content\/uploads\/2022\/11\/IMG_20220511_152441-125x94.jpg 125w, https:\/\/kinderhulp-togo.nl\/cms\/wp-content\/uploads\/2022\/11\/IMG_20220511_152441-768x576.jpg 768w, https:\/\/kinderhulp-togo.nl\/cms\/wp-content\/uploads\/2022\/11\/IMG_20220511_152441-1536x1152.jpg 1536w, https:\/\/kinderhulp-togo.nl\/cms\/wp-content\/uploads\/2022\/11\/IMG_20220511_152441-2048x1536.jpg 2048w, https:\/\/kinderhulp-togo.nl\/cms\/wp-content\/uploads\/2022\/11\/IMG_20220511_152441-16x12.jpg 16w\" sizes=\"(max-width: 300px) 100vw, 300px\" \/><\/p>\n<p>&nbsp;<\/p>\n<h3>Mother Charity<\/h3>\n<p>Dit weeshuis bevindt zich in een van de voorsteden van Lom\u00e9. Er wonen 104 kinderen waaronder 11 baby&#8217;s. In het weeshuis bevindt zich ook een deel van een basisschool (de laagste klassen). Informatie over het weeshuis is <a href=\"https:\/\/www.facebook.com\/Orphelinat.MotherCharity\/\">hier te vinden.<\/a><\/p>\n<p>&nbsp;<\/p>\n<p><img loading=\"lazy\" decoding=\"async\" class=\"alignnone size-medium wp-image-8267\" src=\"https:\/\/kinderhulp-togo.nl\/cms\/wp-content\/uploads\/2022\/11\/IMG_20220510_162632-225x300.jpg\" alt=\"\" width=\"225\" height=\"300\" srcset=\"https:\/\/kinderhulp-togo.nl\/cms\/wp-content\/uploads\/2022\/11\/IMG_20220510_162632-225x300.jpg 225w, https:\/\/kinderhulp-togo.nl\/cms\/wp-content\/uploads\/2022\/11\/IMG_20220510_162632-94x125.jpg 94w, https:\/\/kinderhulp-togo.nl\/cms\/wp-content\/uploads\/2022\/11\/IMG_20220510_162632-9x12.jpg 9w, https:\/\/kinderhulp-togo.nl\/cms\/wp-content\/uploads\/2022\/11\/IMG_20220510_162632.jpg 727w\" sizes=\"(max-width: 225px) 100vw, 225px\" \/><\/p>\n<p>&nbsp;<\/p>\n<h3>Divine Providence<\/h3>\n<p>Dit weeshuis bevindt zich in het stadje Aneho op ongeveer 1 uur rijden van Lom\u00e9, niet ver van de grens met Benin. Het weeshuis heeft ook een afdeling met baby&#8217;s. Vaak zijn dat vondelingen. In totaal wonen er 56 kinderen. Informatie over het weeshuis is <a href=\"http:\/\/www.enfants-de-aneho.com\/orphelinat-aneho\/\">hier te vinden<\/a>.<\/p>\n<p><img loading=\"lazy\" decoding=\"async\" class=\"alignnone size-medium wp-image-8280\" src=\"https:\/\/kinderhulp-togo.nl\/cms\/wp-content\/uploads\/2022\/11\/IMG-20221028-WA0003-300x225.jpg\" alt=\"\" width=\"300\" height=\"225\" srcset=\"https:\/\/kinderhulp-togo.nl\/cms\/wp-content\/uploads\/2022\/11\/IMG-20221028-WA0003-300x225.jpg 300w, https:\/\/kinderhulp-togo.nl\/cms\/wp-content\/uploads\/2022\/11\/IMG-20221028-WA0003-1024x768.jpg 1024w, https:\/\/kinderhulp-togo.nl\/cms\/wp-content\/uploads\/2022\/11\/IMG-20221028-WA0003-125x94.jpg 125w, https:\/\/kinderhulp-togo.nl\/cms\/wp-content\/uploads\/2022\/11\/IMG-20221028-WA0003-768x576.jpg 768w, https:\/\/kinderhulp-togo.nl\/cms\/wp-content\/uploads\/2022\/11\/IMG-20221028-WA0003-1536x1152.jpg 1536w, https:\/\/kinderhulp-togo.nl\/cms\/wp-content\/uploads\/2022\/11\/IMG-20221028-WA0003-16x12.jpg 16w, https:\/\/kinderhulp-togo.nl\/cms\/wp-content\/uploads\/2022\/11\/IMG-20221028-WA0003.jpg 1600w\" sizes=\"(max-width: 300px) 100vw, 300px\" \/><\/p>\n<p>&nbsp;<\/p>\n<h3>La Solution<\/h3>\n<p>Dit weeshuis bevindt zich op 30 minuten rijden van Lom\u00e9. Er wonen 67 kinderen. Naast het weeshuis is ook een basisschool die bij het weeshuis hoort. In dit weeshuis zitten vooral straatkinderen. Meer informatie over het weeshuis is <a href=\"https:\/\/m.facebook.com\/Orphelinat-La-Solution-105330144942229\/\">hier te vinden.<\/a><\/p>\n<p><img loading=\"lazy\" decoding=\"async\" class=\"alignnone size-medium wp-image-8270\" src=\"https:\/\/kinderhulp-togo.nl\/cms\/wp-content\/uploads\/2022\/11\/IMG_20221027_101738-300x300.jpg\" alt=\"\" width=\"300\" height=\"300\" srcset=\"https:\/\/kinderhulp-togo.nl\/cms\/wp-content\/uploads\/2022\/11\/IMG_20221027_101738-300x300.jpg 300w, https:\/\/kinderhulp-togo.nl\/cms\/wp-content\/uploads\/2022\/11\/IMG_20221027_101738-125x125.jpg 125w, https:\/\/kinderhulp-togo.nl\/cms\/wp-content\/uploads\/2022\/11\/IMG_20221027_101738-768x768.jpg 768w, https:\/\/kinderhulp-togo.nl\/cms\/wp-content\/uploads\/2022\/11\/IMG_20221027_101738-150x150.jpg 150w, https:\/\/kinderhulp-togo.nl\/cms\/wp-content\/uploads\/2022\/11\/IMG_20221027_101738-12x12.jpg 12w, https:\/\/kinderhulp-togo.nl\/cms\/wp-content\/uploads\/2022\/11\/IMG_20221027_101738.jpg 969w\" sizes=\"(max-width: 300px) 100vw, 300px\" \/><\/p>\n<p>&nbsp;<\/p>\n<h3>Enfin le Sourire<\/h3>\n<p>Dit weeshuis bevindt zich op bijna een uur rijden van het centrum van Lom\u00e9. Er wonen 9 jongens in het weeshuis. Meer informatie over het weeshuis <a href=\"https:\/\/www.facebook.com\/people\/Orphelinat-Enfin-le-Sourire\/100048973873738\/\">vindt U hier<\/a>.<\/p>\n<p><img loading=\"lazy\" decoding=\"async\" class=\"alignnone size-medium wp-image-8383\" src=\"https:\/\/kinderhulp-togo.nl\/cms\/wp-content\/uploads\/2023\/05\/20230505103215-300x300.jpg\" alt=\"\" width=\"300\" height=\"300\" srcset=\"https:\/\/kinderhulp-togo.nl\/cms\/wp-content\/uploads\/2023\/05\/20230505103215-300x300.jpg 300w, https:\/\/kinderhulp-togo.nl\/cms\/wp-content\/uploads\/2023\/05\/20230505103215-1024x1024.jpg 1024w, https:\/\/kinderhulp-togo.nl\/cms\/wp-content\/uploads\/2023\/05\/20230505103215-125x125.jpg 125w, https:\/\/kinderhulp-togo.nl\/cms\/wp-content\/uploads\/2023\/05\/20230505103215-768x768.jpg 768w, https:\/\/kinderhulp-togo.nl\/cms\/wp-content\/uploads\/2023\/05\/20230505103215-150x150.jpg 150w, https:\/\/kinderhulp-togo.nl\/cms\/wp-content\/uploads\/2023\/05\/20230505103215-1536x1536.jpg 1536w, https:\/\/kinderhulp-togo.nl\/cms\/wp-content\/uploads\/2023\/05\/20230505103215-12x12.jpg 12w, https:\/\/kinderhulp-togo.nl\/cms\/wp-content\/uploads\/2023\/05\/20230505103215.jpg 1824w\" sizes=\"(max-width: 300px) 100vw, 300px\" \/><\/p>\n<p>&nbsp;<\/p>\n<h3>Foyer Antonio<\/h3>\n<p>Dit weeshuis bevindt zich op ongeveer een uur rijden van het centrum van Lom\u00e9. Er wonen 15 meisjes.\u00a0 Meer informatie over het weeshuis <a href=\"http:\/\/www.rotary-sable.org\/sengager-aupres-de-jeunes-filles-vulnerables-foyer-de-vie-antonio-dangbessito-togo\/\">is hier te vinden.<\/a><\/p>\n<p><img loading=\"lazy\" decoding=\"async\" class=\"alignnone size-medium wp-image-8386\" src=\"https:\/\/kinderhulp-togo.nl\/cms\/wp-content\/uploads\/2023\/05\/20230505103226-300x300.jpg\" alt=\"\" width=\"300\" height=\"300\" srcset=\"https:\/\/kinderhulp-togo.nl\/cms\/wp-content\/uploads\/2023\/05\/20230505103226-300x300.jpg 300w, https:\/\/kinderhulp-togo.nl\/cms\/wp-content\/uploads\/2023\/05\/20230505103226-1024x1024.jpg 1024w, https:\/\/kinderhulp-togo.nl\/cms\/wp-content\/uploads\/2023\/05\/20230505103226-125x125.jpg 125w, https:\/\/kinderhulp-togo.nl\/cms\/wp-content\/uploads\/2023\/05\/20230505103226-768x768.jpg 768w, https:\/\/kinderhulp-togo.nl\/cms\/wp-content\/uploads\/2023\/05\/20230505103226-150x150.jpg 150w, https:\/\/kinderhulp-togo.nl\/cms\/wp-content\/uploads\/2023\/05\/20230505103226-1536x1536.jpg 1536w, https:\/\/kinderhulp-togo.nl\/cms\/wp-content\/uploads\/2023\/05\/20230505103226-12x12.jpg 12w, https:\/\/kinderhulp-togo.nl\/cms\/wp-content\/uploads\/2023\/05\/20230505103226.jpg 1824w\" sizes=\"(max-width: 300px) 100vw, 300px\" \/><\/p>\n<p>&nbsp;<\/p>\n<h3>Cajed<\/h3>\n<p>Dit weeshuis ligt in een van de voorsteden van Lom\u00e9 op ruim een uur rijden van het centrum van de stad. In het weeshuis wonen 11 jongens. Meer informatie over het weeshuis is <a href=\"https:\/\/www.csel.fr\/?Qui-sommes-nous\/CAJED\">hier te vinden.<\/a><\/p>\n<p><img loading=\"lazy\" decoding=\"async\" class=\"alignnone size-medium wp-image-8387\" src=\"https:\/\/kinderhulp-togo.nl\/cms\/wp-content\/uploads\/2023\/05\/202305051032470-300x300.jpg\" alt=\"\" width=\"300\" height=\"300\" srcset=\"https:\/\/kinderhulp-togo.nl\/cms\/wp-content\/uploads\/2023\/05\/202305051032470-300x300.jpg 300w, https:\/\/kinderhulp-togo.nl\/cms\/wp-content\/uploads\/2023\/05\/202305051032470-1024x1024.jpg 1024w, https:\/\/kinderhulp-togo.nl\/cms\/wp-content\/uploads\/2023\/05\/202305051032470-125x125.jpg 125w, https:\/\/kinderhulp-togo.nl\/cms\/wp-content\/uploads\/2023\/05\/202305051032470-768x768.jpg 768w, https:\/\/kinderhulp-togo.nl\/cms\/wp-content\/uploads\/2023\/05\/202305051032470-150x150.jpg 150w, https:\/\/kinderhulp-togo.nl\/cms\/wp-content\/uploads\/2023\/05\/202305051032470-1536x1536.jpg 1536w, https:\/\/kinderhulp-togo.nl\/cms\/wp-content\/uploads\/2023\/05\/202305051032470-12x12.jpg 12w, https:\/\/kinderhulp-togo.nl\/cms\/wp-content\/uploads\/2023\/05\/202305051032470.jpg 1824w\" sizes=\"(max-width: 300px) 100vw, 300px\" \/><\/p>\n<h3><\/h3>\n<h3>Maison de la Providence<\/h3>\n<p>Dit weeshuis bevindt zich in een van de voorsteden van Lom\u00e9 op een uur rijden vanaf het centrum. In het weeshuis verblijven 26 kinderen. Meer informatie over dit weeshuis is<a href=\"https:\/\/www.youtube.com\/watch?v=gV9oTKvCPwE\"> hier te vinden<\/a> <a href=\"https:\/\/alodo67togo.wordpress.com\/lassociation\/nos-partenaires\/orphelinat-maison-de-la-providence\/\">en hier.<\/a><\/p>\n<p>&nbsp;<\/p>\n<p><img loading=\"lazy\" decoding=\"async\" class=\"alignnone size-medium wp-image-8388\" src=\"https:\/\/kinderhulp-togo.nl\/cms\/wp-content\/uploads\/2023\/05\/20230505103300-300x300.jpg\" alt=\"\" width=\"300\" height=\"300\" srcset=\"https:\/\/kinderhulp-togo.nl\/cms\/wp-content\/uploads\/2023\/05\/20230505103300-300x300.jpg 300w, https:\/\/kinderhulp-togo.nl\/cms\/wp-content\/uploads\/2023\/05\/20230505103300-1024x1024.jpg 1024w, https:\/\/kinderhulp-togo.nl\/cms\/wp-content\/uploads\/2023\/05\/20230505103300-125x125.jpg 125w, https:\/\/kinderhulp-togo.nl\/cms\/wp-content\/uploads\/2023\/05\/20230505103300-768x768.jpg 768w, https:\/\/kinderhulp-togo.nl\/cms\/wp-content\/uploads\/2023\/05\/20230505103300-150x150.jpg 150w, https:\/\/kinderhulp-togo.nl\/cms\/wp-content\/uploads\/2023\/05\/20230505103300-1536x1536.jpg 1536w, https:\/\/kinderhulp-togo.nl\/cms\/wp-content\/uploads\/2023\/05\/20230505103300-12x12.jpg 12w, https:\/\/kinderhulp-togo.nl\/cms\/wp-content\/uploads\/2023\/05\/20230505103300.jpg 1824w\" sizes=\"(max-width: 300px) 100vw, 300px\" \/><\/p>\n<p>&nbsp;<\/p>\n<h3>Famille glorieuse<\/h3>\n<p>Dit weeshuis bevindt zich in een van de voorsteden van Lom\u00e9 op een uur rijden vanaf het centrum. In het weeshuis verblijven 24 kinderen. Meer informatie over het weeshuis is <a href=\"https:\/\/www.facebook.com\/people\/Orphelinat-Famille-Glorieuse-Togo\/100069851528923\/\">hier te vinden<\/a>.<\/p>\n<p><img loading=\"lazy\" decoding=\"async\" class=\"alignnone size-medium wp-image-8424\" src=\"https:\/\/kinderhulp-togo.nl\/cms\/wp-content\/uploads\/2023\/05\/famille-glorieuse-300x300.jpg\" alt=\"\" width=\"300\" height=\"300\" srcset=\"https:\/\/kinderhulp-togo.nl\/cms\/wp-content\/uploads\/2023\/05\/famille-glorieuse-300x300.jpg 300w, https:\/\/kinderhulp-togo.nl\/cms\/wp-content\/uploads\/2023\/05\/famille-glorieuse-1024x1024.jpg 1024w, https:\/\/kinderhulp-togo.nl\/cms\/wp-content\/uploads\/2023\/05\/famille-glorieuse-125x125.jpg 125w, https:\/\/kinderhulp-togo.nl\/cms\/wp-content\/uploads\/2023\/05\/famille-glorieuse-768x768.jpg 768w, https:\/\/kinderhulp-togo.nl\/cms\/wp-content\/uploads\/2023\/05\/famille-glorieuse-150x150.jpg 150w, https:\/\/kinderhulp-togo.nl\/cms\/wp-content\/uploads\/2023\/05\/famille-glorieuse-1536x1536.jpg 1536w, https:\/\/kinderhulp-togo.nl\/cms\/wp-content\/uploads\/2023\/05\/famille-glorieuse-12x12.jpg 12w, https:\/\/kinderhulp-togo.nl\/cms\/wp-content\/uploads\/2023\/05\/famille-glorieuse.jpg 1824w\" sizes=\"(max-width: 300px) 100vw, 300px\" \/><\/p>\n<p>&nbsp;<\/p>\n<h3>Marie, Reine de la Paix<\/h3>\n<p>Dit weeshuis staat in de omgeving van Lom\u00e9. Er wonen acht meisjes, Meer informatie is <a href=\"https:\/\/m.facebook.com\/p\/Orphelinat-marie-reine-de-la-paix-100075902536019\/\">hier te vinden<\/a>.<\/p>\n<p><img loading=\"lazy\" decoding=\"async\" class=\"alignnone size-medium wp-image-8471\" src=\"https:\/\/kinderhulp-togo.nl\/cms\/wp-content\/uploads\/2023\/10\/IMG-20231007-WA0001-169x300.jpg\" alt=\"\" width=\"169\" height=\"300\" srcset=\"https:\/\/kinderhulp-togo.nl\/cms\/wp-content\/uploads\/2023\/10\/IMG-20231007-WA0001-169x300.jpg 169w, https:\/\/kinderhulp-togo.nl\/cms\/wp-content\/uploads\/2023\/10\/IMG-20231007-WA0001-70x125.jpg 70w, https:\/\/kinderhulp-togo.nl\/cms\/wp-content\/uploads\/2023\/10\/IMG-20231007-WA0001-7x12.jpg 7w, https:\/\/kinderhulp-togo.nl\/cms\/wp-content\/uploads\/2023\/10\/IMG-20231007-WA0001.jpg 567w\" sizes=\"(max-width: 169px) 100vw, 169px\" \/><\/p>\n<p>&nbsp;<\/p>\n<h3>Crospedi<\/h3>\n<p>Dit weeshuis bevindt zich ook in de regio van Lom\u00e9.\u00a0 De naam Crospedi is een afkorting van &#8220;Centre de R\u00e9insertion sociale et professionnelle des Enfants en situation Difficile&#8221;. Het weeshuis heeft 35 kinderen (jongens en meisjes). 15 van hen zijn gehandicapt.\u00a0 Ze zijn niet op internet te vinden.<\/p>\n<p><img loading=\"lazy\" decoding=\"async\" class=\"alignnone size-medium wp-image-8484\" src=\"https:\/\/kinderhulp-togo.nl\/cms\/wp-content\/uploads\/2023\/10\/IMG-20231007-WA0009-300x138.jpg\" alt=\"\" width=\"300\" height=\"138\" srcset=\"https:\/\/kinderhulp-togo.nl\/cms\/wp-content\/uploads\/2023\/10\/IMG-20231007-WA0009-300x138.jpg 300w, https:\/\/kinderhulp-togo.nl\/cms\/wp-content\/uploads\/2023\/10\/IMG-20231007-WA0009-125x58.jpg 125w, https:\/\/kinderhulp-togo.nl\/cms\/wp-content\/uploads\/2023\/10\/IMG-20231007-WA0009-768x354.jpg 768w, https:\/\/kinderhulp-togo.nl\/cms\/wp-content\/uploads\/2023\/10\/IMG-20231007-WA0009-18x8.jpg 18w, https:\/\/kinderhulp-togo.nl\/cms\/wp-content\/uploads\/2023\/10\/IMG-20231007-WA0009.jpg 912w\" sizes=\"(max-width: 300px) 100vw, 300px\" \/><\/p>\n<p>&nbsp;<\/p>\n<h3>Foyer Appel<\/h3>\n<p>Dit weeshuis ligt in de omgeving van Lom\u00e9. Er zijn 59 weeskinderen, allemaal jongens. Meer informatie is <a href=\"https:\/\/www.facebook.com\/2AEFA\/\">hier te vinden.<\/a><\/p>\n<p><img loading=\"lazy\" decoding=\"async\" class=\"alignnone size-medium wp-image-8485\" src=\"https:\/\/kinderhulp-togo.nl\/cms\/wp-content\/uploads\/2023\/10\/IMG-20231007-WA0013-300x169.jpg\" alt=\"\" width=\"300\" height=\"169\" srcset=\"https:\/\/kinderhulp-togo.nl\/cms\/wp-content\/uploads\/2023\/10\/IMG-20231007-WA0013-300x169.jpg 300w, https:\/\/kinderhulp-togo.nl\/cms\/wp-content\/uploads\/2023\/10\/IMG-20231007-WA0013-125x70.jpg 125w, https:\/\/kinderhulp-togo.nl\/cms\/wp-content\/uploads\/2023\/10\/IMG-20231007-WA0013-768x432.jpg 768w, https:\/\/kinderhulp-togo.nl\/cms\/wp-content\/uploads\/2023\/10\/IMG-20231007-WA0013-18x10.jpg 18w, https:\/\/kinderhulp-togo.nl\/cms\/wp-content\/uploads\/2023\/10\/IMG-20231007-WA0013.jpg 1008w\" sizes=\"(max-width: 300px) 100vw, 300px\" \/><\/p>\n<p>&nbsp;<\/p>\n<p>&nbsp;<\/p>\n<h3>Kinderhaus Frieda<\/h3>\n<p>Dit weeshuis ligt in de omgeving van Lom\u00e9. Er zijn 26 weeskinderen (jongens en meisjes).\u00a0 Meer informatie is <a href=\"https:\/\/kinderhaus-frieda.de\/\">hier te vinden.<\/a><\/p>\n<p>&nbsp;<\/p>\n<p><img loading=\"lazy\" decoding=\"async\" class=\"alignnone size-medium wp-image-8487\" src=\"https:\/\/kinderhulp-togo.nl\/cms\/wp-content\/uploads\/2023\/10\/IMG-20231007-WA0014-169x300.jpg\" alt=\"\" width=\"169\" height=\"300\" srcset=\"https:\/\/kinderhulp-togo.nl\/cms\/wp-content\/uploads\/2023\/10\/IMG-20231007-WA0014-169x300.jpg 169w, https:\/\/kinderhulp-togo.nl\/cms\/wp-content\/uploads\/2023\/10\/IMG-20231007-WA0014-70x125.jpg 70w, https:\/\/kinderhulp-togo.nl\/cms\/wp-content\/uploads\/2023\/10\/IMG-20231007-WA0014-7x12.jpg 7w, https:\/\/kinderhulp-togo.nl\/cms\/wp-content\/uploads\/2023\/10\/IMG-20231007-WA0014.jpg 567w\" sizes=\"(max-width: 169px) 100vw, 169px\" \/><\/p>\n<p>&nbsp;<\/p>\n<h3>Centre Padre Pio<\/h3>\n<p>Ook dit weeshuis ligt in de omgeving van Lom\u00e9. Er wonen acht jongens. Meer informatie is <a href=\"https:\/\/www.facebook.com\/lesenfantsppio\/\">hier te vinden.<\/a><\/p>\n<p>&nbsp;<\/p>\n<p><img loading=\"lazy\" decoding=\"async\" class=\"alignnone size-medium wp-image-8565\" src=\"https:\/\/kinderhulp-togo.nl\/cms\/wp-content\/uploads\/2023\/10\/centre-padre-pio-300x169.jpg\" alt=\"\" width=\"300\" height=\"169\" srcset=\"https:\/\/kinderhulp-togo.nl\/cms\/wp-content\/uploads\/2023\/10\/centre-padre-pio-300x169.jpg 300w, https:\/\/kinderhulp-togo.nl\/cms\/wp-content\/uploads\/2023\/10\/centre-padre-pio-125x70.jpg 125w, https:\/\/kinderhulp-togo.nl\/cms\/wp-content\/uploads\/2023\/10\/centre-padre-pio-768x432.jpg 768w, https:\/\/kinderhulp-togo.nl\/cms\/wp-content\/uploads\/2023\/10\/centre-padre-pio-18x10.jpg 18w, https:\/\/kinderhulp-togo.nl\/cms\/wp-content\/uploads\/2023\/10\/centre-padre-pio.jpg 961w\" sizes=\"(max-width: 300px) 100vw, 300px\" \/><\/p>\n<p>&nbsp;<\/p>\n<h3>Blessings<\/h3>\n<p>Dit weeshuis ligt op een uur rijden van het centrum van Lom\u00e9. Er wonen 36 kinderen (jongens en meisjes). Meer informatie is <a href=\"https:\/\/www.facebook.com\/ongblessings\/?locale=fr_FR\">hier<\/a> te vinden en <a href=\"https:\/\/www.instagram.com\/orphelinatblessings\/\">hier<\/a>.<\/p>\n<p><img loading=\"lazy\" decoding=\"async\" class=\"alignnone size-medium wp-image-8668\" src=\"https:\/\/kinderhulp-togo.nl\/cms\/wp-content\/uploads\/2024\/06\/Blessings-300x225.jpg\" alt=\"\" width=\"300\" height=\"225\" srcset=\"https:\/\/kinderhulp-togo.nl\/cms\/wp-content\/uploads\/2024\/06\/Blessings-300x225.jpg 300w, https:\/\/kinderhulp-togo.nl\/cms\/wp-content\/uploads\/2024\/06\/Blessings-1024x768.jpg 1024w, https:\/\/kinderhulp-togo.nl\/cms\/wp-content\/uploads\/2024\/06\/Blessings-125x94.jpg 125w, https:\/\/kinderhulp-togo.nl\/cms\/wp-content\/uploads\/2024\/06\/Blessings-768x576.jpg 768w, https:\/\/kinderhulp-togo.nl\/cms\/wp-content\/uploads\/2024\/06\/Blessings-16x12.jpg 16w, https:\/\/kinderhulp-togo.nl\/cms\/wp-content\/uploads\/2024\/06\/Blessings.jpg 1215w\" sizes=\"(max-width: 300px) 100vw, 300px\" \/><\/p>\n<p>&nbsp;<\/p>\n<h3>Kekeli<\/h3>\n<p>Dit huis waar seksueel misbruikte meisjes verblijven (wees, half wees, e.a.) ligt in het centrum van Lom\u00e9. Er verblijven 43 meisjes. Meer informatie is <a href=\"http:\/\/www.centrekekeli.net\/\">hier te vinden<\/a>.<\/p>\n<p><img loading=\"lazy\" decoding=\"async\" class=\"alignnone size-medium wp-image-8669\" src=\"https:\/\/kinderhulp-togo.nl\/cms\/wp-content\/uploads\/2024\/06\/Kekeli-300x225.jpg\" alt=\"\" width=\"300\" height=\"225\" srcset=\"https:\/\/kinderhulp-togo.nl\/cms\/wp-content\/uploads\/2024\/06\/Kekeli-300x225.jpg 300w, https:\/\/kinderhulp-togo.nl\/cms\/wp-content\/uploads\/2024\/06\/Kekeli-1024x768.jpg 1024w, https:\/\/kinderhulp-togo.nl\/cms\/wp-content\/uploads\/2024\/06\/Kekeli-125x94.jpg 125w, https:\/\/kinderhulp-togo.nl\/cms\/wp-content\/uploads\/2024\/06\/Kekeli-768x576.jpg 768w, https:\/\/kinderhulp-togo.nl\/cms\/wp-content\/uploads\/2024\/06\/Kekeli-16x12.jpg 16w, https:\/\/kinderhulp-togo.nl\/cms\/wp-content\/uploads\/2024\/06\/Kekeli.jpg 1215w\" sizes=\"(max-width: 300px) 100vw, 300px\" \/><\/p>\n<p>&nbsp;<\/p>\n<h3>Cador<\/h3>\n<p>In dit weeshuis wonen 11 weeskinderen en verder nog 4 kinderen van de directrice (die vallen niet binnen ons zorgprogramma)<\/p>\n<p>&nbsp;<\/p>\n<p><img loading=\"lazy\" decoding=\"async\" class=\"alignnone size-medium wp-image-8736\" src=\"https:\/\/kinderhulp-togo.nl\/cms\/wp-content\/uploads\/2024\/11\/Cador-300x225.jpg\" alt=\"\" width=\"300\" height=\"225\" srcset=\"https:\/\/kinderhulp-togo.nl\/cms\/wp-content\/uploads\/2024\/11\/Cador-300x225.jpg 300w, https:\/\/kinderhulp-togo.nl\/cms\/wp-content\/uploads\/2024\/11\/Cador-1024x768.jpg 1024w, https:\/\/kinderhulp-togo.nl\/cms\/wp-content\/uploads\/2024\/11\/Cador-125x94.jpg 125w, https:\/\/kinderhulp-togo.nl\/cms\/wp-content\/uploads\/2024\/11\/Cador-768x576.jpg 768w, https:\/\/kinderhulp-togo.nl\/cms\/wp-content\/uploads\/2024\/11\/Cador-16x12.jpg 16w, https:\/\/kinderhulp-togo.nl\/cms\/wp-content\/uploads\/2024\/11\/Cador.jpg 1215w\" sizes=\"(max-width: 300px) 100vw, 300px\" \/><\/p>\n<p>&nbsp;<\/p>\n<p>&nbsp;<\/p>\n<p>&nbsp;<\/p>","protected":false},"excerpt":{"rendered":"<p>Na de covid-19 pandemie zijn wij naar Togo teruggekeerd. Wij hebben toen besloten om ons volledig te richten op weeskinderen en straatkinderen. Om te beginnen in (de omgeving van) de hoofdstad Lom\u00e9. De weeshuizen waar wij nu werken, zijn de volgende. B\u00e9thanie Dit weeshuis staat in de hoofdstad Lom\u00e9. Er wonen 34 kinderen. Het weeshuis [&hellip;]<\/p>\n","protected":false},"author":7,"featured_media":0,"parent":0,"menu_order":0,"comment_status":"closed","ping_status":"closed","template":"","meta":{"ngg_post_thumbnail":0,"footnotes":""},"class_list":["post-8261","page","type-page","status-publish","hentry"],"_links":{"self":[{"href":"https:\/\/kinderhulp-togo.nl\/fr\/wp-json\/wp\/v2\/pages\/8261","targetHints":{"allow":["GET"]}}],"collection":[{"href":"https:\/\/kinderhulp-togo.nl\/fr\/wp-json\/wp\/v2\/pages"}],"about":[{"href":"https:\/\/kinderhulp-togo.nl\/fr\/wp-json\/wp\/v2\/types\/page"}],"author":[{"embeddable":true,"href":"https:\/\/kinderhulp-togo.nl\/fr\/wp-json\/wp\/v2\/users\/7"}],"replies":[{"embeddable":true,"href":"https:\/\/kinderhulp-togo.nl\/fr\/wp-json\/wp\/v2\/comments?post=8261"}],"version-history":[{"count":33,"href":"https:\/\/kinderhulp-togo.nl\/fr\/wp-json\/wp\/v2\/pages\/8261\/revisions"}],"predecessor-version":[{"id":8737,"href":"https:\/\/kinderhulp-togo.nl\/fr\/wp-json\/wp\/v2\/pages\/8261\/revisions\/8737"}],"wp:attachment":[{"href":"https:\/\/kinderhulp-togo.nl\/fr\/wp-json\/wp\/v2\/media?parent=8261"}],"curies":[{"name":"wp","href":"https:\/\/api.w.org\/{rel}","templated":true}]}}